{"id":3027,"date":"2024-07-30T10:57:27","date_gmt":"2024-07-30T10:57:27","guid":{"rendered":"https:\/\/bergwerk-fell.de\/?page_id=3027"},"modified":"2024-07-30T11:40:36","modified_gmt":"2024-07-30T11:40:36","slug":"maustag-2","status":"publish","type":"page","link":"https:\/\/bergwerk-fell.de\/nl\/nl\/maustag-2\/","title":{"rendered":"Maustag"},"content":{"rendered":"\n<p class=\"has-text-align-center\"><strong>WDR-Maus-T\u00fcr\u00f6ffnertag 2024<\/strong><br><\/p>\n\n\n\n<p class=\"has-text-align-center\"><img loading=\"lazy\" decoding=\"async\" width=\"512\" height=\"288\" class=\"wp-image-3033\" style=\"width: 512px;\" src=\"https:\/\/bergwerk-fell.de\/wp-content\/uploads\/2024\/07\/Maustag-1.jpg\" alt=\"\" srcset=\"https:\/\/bergwerk-fell.de\/wp-content\/uploads\/2024\/07\/Maustag-1.jpg 512w, https:\/\/bergwerk-fell.de\/wp-content\/uploads\/2024\/07\/Maustag-1-300x169.jpg 300w\" sizes=\"auto, (max-width: 512px) 100vw, 512px\" \/><br><br>Dieses Jahr m\u00f6chten wir gemeinsam mit dir Herzen aus Schiefer herstellen, diese kannst du dann selbst kreativ gestalten. Au\u00dferdem kannst du an einer F\u00fchrung durch das Bergwerk teilnehmen. Wir erwarten dich zu jeder vollen Stunde zwischen 10:00 und 17:00 Uhr. Die letzte F\u00fchrung starten wir um 17:00 Uhr.<br>Bitte gebt uns bei der Anmeldung die gew\u00fcnschte Uhrzeit f\u00fcr das Basteln an.<\/p>\n\n\n\n<p class=\"has-text-align-center\">Anmeldungen an: info@bergwerk-fell.de<\/p>\n\n\n\n<p><\/p>\n","protected":false},"excerpt":{"rendered":"<p>WDR-Maus-T\u00fcr\u00f6ffnertag 2024 Dieses Jahr m\u00f6chten wir gemeinsam mit dir Herzen aus Schiefer herstellen, diese kannst du dann selbst kreativ gestalten. Au\u00dferdem kannst du an einer F\u00fchrung durch das Bergwerk teilnehmen. Wir erwarten dich zu jeder vollen Stunde zwischen 10:00 und 17:00 Uhr. Die letzte F\u00fchrung starten wir um 17:00 Uhr.Bitte gebt uns bei der Anmeldung &hellip; <\/p>\n<p class=\"link-more\"><a href=\"https:\/\/bergwerk-fell.de\/nl\/nl\/maustag-2\/\" class=\"more-link\">Continue reading<span class=\"screen-reader-text\"> &#8220;Maustag&#8221;<\/span><\/a><\/p>\n","protected":false},"author":4,"featured_media":0,"parent":0,"menu_order":0,"comment_status":"closed","ping_status":"closed","template":"","meta":{"footnotes":""},"class_list":["post-3027","page","type-page","status-publish","hentry"],"translation":{"provider":"WPGlobus","version":"3.0.2","language":"nl","enabled_languages":["de","en","fr","nl"],"languages":{"de":{"title":true,"content":true,"excerpt":false},"en":{"title":false,"content":false,"excerpt":false},"fr":{"title":false,"content":false,"excerpt":false},"nl":{"title":false,"content":false,"excerpt":false}}},"_links":{"self":[{"href":"https:\/\/bergwerk-fell.de\/nl\/nl\/wp-json\/wp\/v2\/pages\/3027","targetHints":{"allow":["GET"]}}],"collection":[{"href":"https:\/\/bergwerk-fell.de\/nl\/nl\/wp-json\/wp\/v2\/pages"}],"about":[{"href":"https:\/\/bergwerk-fell.de\/nl\/nl\/wp-json\/wp\/v2\/types\/page"}],"author":[{"embeddable":true,"href":"https:\/\/bergwerk-fell.de\/nl\/nl\/wp-json\/wp\/v2\/users\/4"}],"replies":[{"embeddable":true,"href":"https:\/\/bergwerk-fell.de\/nl\/nl\/wp-json\/wp\/v2\/comments?post=3027"}],"version-history":[{"count":7,"href":"https:\/\/bergwerk-fell.de\/nl\/nl\/wp-json\/wp\/v2\/pages\/3027\/revisions"}],"predecessor-version":[{"id":3038,"href":"https:\/\/bergwerk-fell.de\/nl\/nl\/wp-json\/wp\/v2\/pages\/3027\/revisions\/3038"}],"wp:attachment":[{"href":"https:\/\/bergwerk-fell.de\/nl\/nl\/wp-json\/wp\/v2\/media?parent=3027"}],"curies":[{"name":"wp","href":"https:\/\/api.w.org\/{rel}","templated":true}]}}